{"id":8280,"date":"2025-04-01T17:41:30","date_gmt":"2025-04-01T15:41:30","guid":{"rendered":"https:\/\/www.plikum.com\/contactar\/"},"modified":"2025-12-16T07:15:49","modified_gmt":"2025-12-16T06:15:49","slug":"contactar","status":"publish","type":"page","link":"https:\/\/www.plikum.com\/ca\/contactar\/","title":{"rendered":"Contactar"},"content":{"rendered":"\t\t<div data-elementor-type=\"wp-page\" data-elementor-id=\"8280\" class=\"elementor elementor-8280 elementor-5588\" data-elementor-post-type=\"page\">\n\t\t\t\t\t\t<section class=\"elementor-section elementor-top-section elementor-element elementor-element-6eefb04 elementor-section-boxed elementor-section-height-default elementor-section-height-default\" data-id=\"6eefb04\" data-element_type=\"section\" data-e-type=\"section\">\n\t\t\t\t\t\t<div class=\"elementor-container elementor-column-gap-default\">\n\t\t\t\t\t<div class=\"elementor-column elementor-col-50 elementor-top-column elementor-element elementor-element-afe62ce\" data-id=\"afe62ce\" data-element_type=\"column\" data-e-type=\"column\">\n\t\t\t<div class=\"elementor-widget-wrap elementor-element-populated\">\n\t\t\t\t\t\t<div class=\"elementor-element elementor-element-c529f80 elementor-widget elementor-widget-heading\" data-id=\"c529f80\" data-element_type=\"widget\" data-e-type=\"widget\" data-widget_type=\"heading.default\">\n\t\t\t\t<div class=\"elementor-widget-container\">\n\t\t\t\t\t<h4 class=\"elementor-heading-title elementor-size-default\">Contacte<\/h4>\t\t\t\t<\/div>\n\t\t\t\t<\/div>\n\t\t\t\t<div class=\"elementor-element elementor-element-4410da5 elementor-widget__width-inherit elementor-widget-divider--view-line elementor-widget elementor-widget-divider\" data-id=\"4410da5\" data-element_type=\"widget\" data-e-type=\"widget\" data-widget_type=\"divider.default\">\n\t\t\t\t<div class=\"elementor-widget-container\">\n\t\t\t\t\t\t\t<div class=\"elementor-divider\">\n\t\t\t<span class=\"elementor-divider-separator\">\n\t\t\t\t\t\t<\/span>\n\t\t<\/div>\n\t\t\t\t\t\t<\/div>\n\t\t\t\t<\/div>\n\t\t\t\t<div class=\"elementor-element elementor-element-b1f4706 elementor-widget__width-initial elementor-widget elementor-widget-text-editor\" data-id=\"b1f4706\" data-element_type=\"widget\" data-e-type=\"widget\" data-widget_type=\"text-editor.default\">\n\t\t\t\t<div class=\"elementor-widget-container\">\n\t\t\t\t\t\t\t\t\tPLIKUM \u00e9s a Ne\u00e0polis, un Parc d&#8217;Innovaci\u00f3 Tecnol\u00f2gica i Empresarial que serveix com a punt de trobada per a empreses, professionals i emprenedors per aconseguir una concentraci\u00f3 de talent.\t\t\t\t\t\t\t\t<\/div>\n\t\t\t\t<\/div>\n\t\t\t\t<section class=\"elementor-section elementor-inner-section elementor-element elementor-element-6e004f3 elementor-section-boxed elementor-section-height-default elementor-section-height-default\" data-id=\"6e004f3\" data-element_type=\"section\" data-e-type=\"section\">\n\t\t\t\t\t\t<div class=\"elementor-container elementor-column-gap-default\">\n\t\t\t\t\t<div class=\"elementor-column elementor-col-50 elementor-inner-column elementor-element elementor-element-3e0bb9c\" data-id=\"3e0bb9c\" data-element_type=\"column\" data-e-type=\"column\">\n\t\t\t<div class=\"elementor-widget-wrap elementor-element-populated\">\n\t\t\t\t\t\t<div class=\"elementor-element elementor-element-288860f elementor-position-inline-start elementor-mobile-position-inline-start elementor-view-default elementor-widget elementor-widget-icon-box\" data-id=\"288860f\" data-element_type=\"widget\" data-e-type=\"widget\" data-widget_type=\"icon-box.default\">\n\t\t\t\t<div class=\"elementor-widget-container\">\n\t\t\t\t\t\t\t<div class=\"elementor-icon-box-wrapper\">\n\n\t\t\t\t\t\t<div class=\"elementor-icon-box-icon\">\n\t\t\t\t<span  class=\"elementor-icon\">\n\t\t\t\t<svg xmlns=\"http:\/\/www.w3.org\/2000\/svg\" width=\"24\" height=\"24\" viewBox=\"0 0 24 24\" fill=\"none\"><path d=\"M19.125 14.3125L15.9375 12.9688C15.7812 12.9062 15.5938 12.8438 15.375 12.8438C14.9375 12.8438 14.5312 13.0625 14.2812 13.375L13.25 14.625C11.5938 13.7188 10.2812 12.4062 9.375 10.75L10.625 9.71875C10.9375 9.46875 11.1562 9.0625 11.1562 8.625C11.1562 8.40625 11.0938 8.21875 11.0312 8.0625L9.6875 4.875C9.46875 4.375 8.9375 4 8.34375 4C8.25 4 8.15625 4.03125 8.03125 4.0625L5.09375 4.71875C4.46875 4.875 4 5.4375 4 6.125C4 13.8125 10.2188 20.0312 17.875 20C18.5625 20 19.125 19.5312 19.2812 18.9062L19.9375 15.9688C19.9688 15.8438 20 15.75 20 15.6562C20 15.0625 19.625 14.5312 19.125 14.3125ZM17.8125 18.5312C11.0312 18.5 5.53125 12.9688 5.5 6.1875L8.3125 5.53125L9.625 8.59375L7.5 10.3438C8.96875 13.4375 10.5625 15.0312 13.6562 16.5L15.4062 14.375L18.4688 15.6875L17.8125 18.5312Z\" fill=\"#333333\"><\/path><\/svg>\t\t\t\t<\/span>\n\t\t\t<\/div>\n\t\t\t\n\t\t\t\t\t\t<div class=\"elementor-icon-box-content\">\n\n\t\t\t\t\t\t\t\t\t<h3 class=\"elementor-icon-box-title\">\n\t\t\t\t\t\t<span  >\n\t\t\t\t\t\t\tTel\u00e8fon\t\t\t\t\t\t<\/span>\n\t\t\t\t\t<\/h3>\n\t\t\t\t\n\t\t\t\t\t\t\t\t\t<p class=\"elementor-icon-box-description\">\n\t\t\t\t\t\t93 159 63 25\t\t\t\t\t<\/p>\n\t\t\t\t\n\t\t\t<\/div>\n\t\t\t\n\t\t<\/div>\n\t\t\t\t\t\t<\/div>\n\t\t\t\t<\/div>\n\t\t\t\t\t<\/div>\n\t\t<\/div>\n\t\t\t\t<div class=\"elementor-column elementor-col-50 elementor-inner-column elementor-element elementor-element-bed7575\" data-id=\"bed7575\" data-element_type=\"column\" data-e-type=\"column\">\n\t\t\t<div class=\"elementor-widget-wrap elementor-element-populated\">\n\t\t\t\t\t\t<div class=\"elementor-element elementor-element-145a050 elementor-position-inline-start elementor-mobile-position-inline-start elementor-view-default elementor-widget elementor-widget-icon-box\" data-id=\"145a050\" data-element_type=\"widget\" data-e-type=\"widget\" data-widget_type=\"icon-box.default\">\n\t\t\t\t<div class=\"elementor-widget-container\">\n\t\t\t\t\t\t\t<div class=\"elementor-icon-box-wrapper\">\n\n\t\t\t\t\t\t<div class=\"elementor-icon-box-icon\">\n\t\t\t\t<span  class=\"elementor-icon\">\n\t\t\t\t<svg xmlns=\"http:\/\/www.w3.org\/2000\/svg\" width=\"24\" height=\"24\" viewBox=\"0 0 24 24\" fill=\"none\"><path d=\"M18.5 6H5.5C4.65625 6 4 6.6875 4 7.5V16.5C4 17.3438 4.65625 18 5.5 18H18.5C19.3125 18 20 17.3438 20 16.5V7.5C20 6.6875 19.3125 6 18.5 6ZM18.5 7.5V8.78125C17.7812 9.375 16.6562 10.25 14.2812 12.125C13.75 12.5312 12.7188 13.5312 12 13.5C11.25 13.5312 10.2188 12.5312 9.6875 12.125C7.3125 10.25 6.1875 9.375 5.5 8.78125V7.5H18.5ZM5.5 16.5V10.7188C6.1875 11.2812 7.21875 12.0938 8.75 13.3125C9.4375 13.8438 10.6562 15.0312 12 15C13.3125 15.0312 14.5 13.8438 15.2188 13.3125C16.75 12.0938 17.7812 11.2812 18.5 10.7188V16.5H5.5Z\" fill=\"#333333\"><\/path><\/svg>\t\t\t\t<\/span>\n\t\t\t<\/div>\n\t\t\t\n\t\t\t\t\t\t<div class=\"elementor-icon-box-content\">\n\n\t\t\t\t\t\t\t\t\t<h3 class=\"elementor-icon-box-title\">\n\t\t\t\t\t\t<span  >\n\t\t\t\t\t\t\tEmail\t\t\t\t\t\t<\/span>\n\t\t\t\t\t<\/h3>\n\t\t\t\t\n\t\t\t\t\t\t\t\t\t<p class=\"elementor-icon-box-description\">\n\t\t\t\t\t\tinfo@plikum.com\t\t\t\t\t<\/p>\n\t\t\t\t\n\t\t\t<\/div>\n\t\t\t\n\t\t<\/div>\n\t\t\t\t\t\t<\/div>\n\t\t\t\t<\/div>\n\t\t\t\t\t<\/div>\n\t\t<\/div>\n\t\t\t\t\t<\/div>\n\t\t<\/section>\n\t\t\t\t<section class=\"elementor-section elementor-inner-section elementor-element elementor-element-d1927ef elementor-section-boxed elementor-section-height-default elementor-section-height-default\" data-id=\"d1927ef\" data-element_type=\"section\" data-e-type=\"section\">\n\t\t\t\t\t\t<div class=\"elementor-container elementor-column-gap-default\">\n\t\t\t\t\t<div class=\"elementor-column elementor-col-50 elementor-inner-column elementor-element elementor-element-d2579e2\" data-id=\"d2579e2\" data-element_type=\"column\" data-e-type=\"column\">\n\t\t\t<div class=\"elementor-widget-wrap elementor-element-populated\">\n\t\t\t\t\t\t<div class=\"elementor-element elementor-element-fc226ff elementor-position-inline-start elementor-mobile-position-inline-start elementor-view-default elementor-widget elementor-widget-icon-box\" data-id=\"fc226ff\" data-element_type=\"widget\" data-e-type=\"widget\" data-widget_type=\"icon-box.default\">\n\t\t\t\t<div class=\"elementor-widget-container\">\n\t\t\t\t\t\t\t<div class=\"elementor-icon-box-wrapper\">\n\n\t\t\t\t\t\t<div class=\"elementor-icon-box-icon\">\n\t\t\t\t<span  class=\"elementor-icon\">\n\t\t\t\t<svg xmlns=\"http:\/\/www.w3.org\/2000\/svg\" width=\"24\" height=\"24\" viewBox=\"0 0 24 24\" fill=\"none\"><path d=\"M12 4C8.65625 4 6 6.71875 6 10C6 12.25 6.71875 12.9375 10.7188 19.3125C11.3125 20.25 12.6562 20.25 13.25 19.3125C17.25 12.9375 18 12.25 18 10C18 6.6875 15.2812 4 12 4ZM12 18.5C8 12.125 7.5 11.7188 7.5 10C7.5 7.53125 9.5 5.5 12 5.5C14.4688 5.5 16.5 7.53125 16.5 10C16.5 11.7188 16 12.0625 12 18.5ZM9.5 10C9.5 11.4062 10.5938 12.5 12 12.5C13.375 12.5 14.5 11.4062 14.5 10C14.5 8.625 13.375 7.5 12 7.5C10.5938 7.5 9.5 8.625 9.5 10Z\" fill=\"#333333\"><\/path><\/svg>\t\t\t\t<\/span>\n\t\t\t<\/div>\n\t\t\t\n\t\t\t\t\t\t<div class=\"elementor-icon-box-content\">\n\n\t\t\t\t\t\t\t\t\t<h3 class=\"elementor-icon-box-title\">\n\t\t\t\t\t\t<span  >\n\t\t\t\t\t\t\tDirecci\u00f3\t\t\t\t\t\t<\/span>\n\t\t\t\t\t<\/h3>\n\t\t\t\t\n\t\t\t\t\t\t\t\t\t<p class=\"elementor-icon-box-description\">\n\t\t\t\t\t\tEdifici Ne\u00e0polis<br> Rambla de l'Exposici\u00f3, 59-69<br> 08800 Vilanova i la Geltr\u00fa<br> Barcelona\t\t\t\t\t<\/p>\n\t\t\t\t\n\t\t\t<\/div>\n\t\t\t\n\t\t<\/div>\n\t\t\t\t\t\t<\/div>\n\t\t\t\t<\/div>\n\t\t\t\t\t<\/div>\n\t\t<\/div>\n\t\t\t\t<div class=\"elementor-column elementor-col-50 elementor-inner-column elementor-element elementor-element-e494d79\" data-id=\"e494d79\" data-element_type=\"column\" data-e-type=\"column\">\n\t\t\t<div class=\"elementor-widget-wrap elementor-element-populated\">\n\t\t\t\t\t\t<div class=\"elementor-element elementor-element-b3ab535 elementor-widget elementor-widget-image\" data-id=\"b3ab535\" data-element_type=\"widget\" data-e-type=\"widget\" data-widget_type=\"image.default\">\n\t\t\t\t<div class=\"elementor-widget-container\">\n\t\t\t\t\t\t\t\t\t\t\t\t\t\t\t<img fetchpriority=\"high\" decoding=\"async\" width=\"300\" height=\"181\" src=\"https:\/\/www.plikum.com\/wp-content\/uploads\/2019\/02\/Rectangle-9.webp\" class=\"attachment-large size-large wp-image-5468\" alt=\"\" \/>\t\t\t\t\t\t\t\t\t\t\t\t\t\t\t<\/div>\n\t\t\t\t<\/div>\n\t\t\t\t\t<\/div>\n\t\t<\/div>\n\t\t\t\t\t<\/div>\n\t\t<\/section>\n\t\t\t\t\t<\/div>\n\t\t<\/div>\n\t\t\t\t<div class=\"elementor-column elementor-col-50 elementor-top-column elementor-element elementor-element-cde64f3\" data-id=\"cde64f3\" data-element_type=\"column\" data-e-type=\"column\">\n\t\t\t<div class=\"elementor-widget-wrap elementor-element-populated\">\n\t\t\t\t\t\t<div class=\"elementor-element elementor-element-77bdb01 elementor-widget elementor-widget-heading\" data-id=\"77bdb01\" data-element_type=\"widget\" data-e-type=\"widget\" data-widget_type=\"heading.default\">\n\t\t\t\t<div class=\"elementor-widget-container\">\n\t\t\t\t\t<h4 class=\"elementor-heading-title elementor-size-default\">Formulari de contacte<\/h4>\t\t\t\t<\/div>\n\t\t\t\t<\/div>\n\t\t\t\t<div class=\"elementor-element elementor-element-edb8e2a elementor-widget__width-inherit elementor-widget-divider--view-line elementor-widget elementor-widget-divider\" data-id=\"edb8e2a\" data-element_type=\"widget\" data-e-type=\"widget\" data-widget_type=\"divider.default\">\n\t\t\t\t<div class=\"elementor-widget-container\">\n\t\t\t\t\t\t\t<div class=\"elementor-divider\">\n\t\t\t<span class=\"elementor-divider-separator\">\n\t\t\t\t\t\t<\/span>\n\t\t<\/div>\n\t\t\t\t\t\t<\/div>\n\t\t\t\t<\/div>\n\t\t\t\t<div class=\"elementor-element elementor-element-24c4717 elementor-widget__width-initial elementor-widget elementor-widget-heading\" data-id=\"24c4717\" data-element_type=\"widget\" data-e-type=\"widget\" data-widget_type=\"heading.default\">\n\t\t\t\t<div class=\"elementor-widget-container\">\n\t\t\t\t\t<h6 class=\"elementor-heading-title elementor-size-default\">*Els camps marcats s\u00f3n obligatoris<\/h6>\t\t\t\t<\/div>\n\t\t\t\t<\/div>\n\t\t\t\t<div class=\"elementor-element elementor-element-ed0a8e4 btnblack contactform elementor-mobile-button-align-center elementor-hidden-desktop elementor-hidden-tablet elementor-hidden-mobile elementor-button-align-stretch elementor-widget elementor-widget-form\" data-id=\"ed0a8e4\" data-element_type=\"widget\" data-e-type=\"widget\" data-settings=\"{&quot;button_width&quot;:&quot;50&quot;,&quot;step_next_label&quot;:&quot;Seg\\u00fcent&quot;,&quot;step_previous_label&quot;:&quot;Anterior&quot;,&quot;button_width_mobile&quot;:&quot;100&quot;,&quot;step_type&quot;:&quot;number_text&quot;,&quot;step_icon_shape&quot;:&quot;circle&quot;}\" data-widget_type=\"form.default\">\n\t\t\t\t<div class=\"elementor-widget-container\">\n\t\t\t\t\t\t\t<form class=\"elementor-form\" method=\"post\" name=\"Nou formulari\" aria-label=\"Nou formulari\">\n\t\t\t<input type=\"hidden\" name=\"post_id\" value=\"8280\"\/>\n\t\t\t<input type=\"hidden\" name=\"form_id\" value=\"ed0a8e4\"\/>\n\t\t\t<input type=\"hidden\" name=\"referer_title\" value=\"Plikum\" \/>\n\n\t\t\t\n\t\t\t<div class=\"elementor-form-fields-wrapper elementor-labels-\">\n\t\t\t\t\t\t\t\t<div class=\"elementor-field-type-text elementor-field-group elementor-column elementor-field-group-name elementor-col-100\">\n\t\t\t\t\t\t\t\t\t\t\t\t<label for=\"form-field-name\" class=\"elementor-field-label elementor-screen-only\">\n\t\t\t\t\t\t\t\tNom*\t\t\t\t\t\t\t<\/label>\n\t\t\t\t\t\t\t\t\t\t\t\t\t\t<input size=\"1\" type=\"text\" name=\"form_fields[name]\" id=\"form-field-name\" class=\"elementor-field elementor-size-xs  elementor-field-textual\" placeholder=\"Nom*\">\n\t\t\t\t\t\t\t\t\t\t\t<\/div>\n\t\t\t\t\t\t\t\t<div class=\"elementor-field-type-email elementor-field-group elementor-column elementor-field-group-email elementor-col-50 elementor-field-required\">\n\t\t\t\t\t\t\t\t\t\t\t\t<label for=\"form-field-email\" class=\"elementor-field-label elementor-screen-only\">\n\t\t\t\t\t\t\t\tCorreu electr\u00f2nic*\t\t\t\t\t\t\t<\/label>\n\t\t\t\t\t\t\t\t\t\t\t\t\t\t<input size=\"1\" type=\"email\" name=\"form_fields[email]\" id=\"form-field-email\" class=\"elementor-field elementor-size-xs  elementor-field-textual\" placeholder=\"Correu electr\u00f2nic*\" required=\"required\">\n\t\t\t\t\t\t\t\t\t\t\t<\/div>\n\t\t\t\t\t\t\t\t<div class=\"elementor-field-type-tel elementor-field-group elementor-column elementor-field-group-field_c47557d elementor-col-50 elementor-field-required\">\n\t\t\t\t\t\t\t\t\t\t\t\t<label for=\"form-field-field_c47557d\" class=\"elementor-field-label elementor-screen-only\">\n\t\t\t\t\t\t\t\tTel\u00e8fon*\t\t\t\t\t\t\t<\/label>\n\t\t\t\t\t\t\t\t<input size=\"1\" type=\"tel\" name=\"form_fields[field_c47557d]\" id=\"form-field-field_c47557d\" class=\"elementor-field elementor-size-xs  elementor-field-textual\" placeholder=\"Tel\u00e8fon*\" required=\"required\" pattern=\"[0-9()#&amp;+*-=.]+\" title=\"Only numbers and phone characters (#, -, *, etc) are accepted.\">\n\n\t\t\t\t\t\t<\/div>\n\t\t\t\t\t\t\t\t<div class=\"elementor-field-type-text\">\n\t\t\t\t\t<input size=\"1\" type=\"text\" name=\"form_fields[country]\" id=\"form-field-country\" class=\"elementor-field elementor-size-xs \" style=\"display:none !important;\">\t\t\t\t<\/div>\n\t\t\t\t\t\t\t\t<div class=\"elementor-field-type-textarea elementor-field-group elementor-column elementor-field-group-message elementor-col-100\">\n\t\t\t\t\t\t\t\t\t\t\t\t<label for=\"form-field-message\" class=\"elementor-field-label elementor-screen-only\">\n\t\t\t\t\t\t\t\tMissatge\t\t\t\t\t\t\t<\/label>\n\t\t\t\t\t\t<textarea class=\"elementor-field-textual elementor-field  elementor-size-xs\" name=\"form_fields[message]\" id=\"form-field-message\" rows=\"4\" placeholder=\"Missatge\"><\/textarea>\t\t\t\t<\/div>\n\t\t\t\t\t\t\t\t<div class=\"elementor-field-type-checkbox elementor-field-group elementor-column elementor-field-group-field_4b98814 elementor-col-100\">\n\t\t\t\t\t<div class=\"elementor-field-subgroup  \"><span class=\"elementor-field-option\"><input type=\"checkbox\" value=\"He llegit i accepto la vostra pol\u00edtica de Privadesa *\" id=\"form-field-field_4b98814-0\" name=\"form_fields[field_4b98814]\"> <label for=\"form-field-field_4b98814-0\">He llegit i accepto la vostra pol\u00edtica de Privadesa *<\/label><\/span><\/div>\t\t\t\t<\/div>\n\t\t\t\t\t\t\t\t<div class=\"elementor-field-group elementor-column elementor-field-type-submit elementor-col-50 e-form__buttons elementor-sm-100\">\n\t\t\t\t\t<button class=\"elementor-button elementor-size-sm\" type=\"submit\">\n\t\t\t\t\t\t<span class=\"elementor-button-content-wrapper\">\n\t\t\t\t\t\t\t\t\t\t\t\t\t\t\t<span class=\"elementor-button-icon\">\n\t\t\t\t\t\t\t\t\t<svg xmlns=\"http:\/\/www.w3.org\/2000\/svg\" width=\"24\" height=\"24\" viewBox=\"0 0 24 24\" fill=\"none\"><path d=\"M11.8125 5.21875L11.1875 5.8125C11.0312 5.96875 11.0312 6.21875 11.1875 6.34375L16.0312 11.1875H5.375C5.15625 11.1875 5 11.375 5 11.5625V12.4375C5 12.6562 5.15625 12.8125 5.375 12.8125H16.0312L11.1875 17.6875C11.0312 17.8125 11.0312 18.0625 11.1875 18.2188L11.8125 18.8125C11.9375 18.9688 12.1875 18.9688 12.3438 18.8125L18.875 12.2812C19.0312 12.125 19.0312 11.9062 18.875 11.75L12.3438 5.21875C12.1875 5.0625 11.9375 5.0625 11.8125 5.21875Z\" fill=\"#333333\"><\/path><\/svg>\t\t\t\t\t\t\t\t\t\t\t\t\t\t\t\t\t<\/span>\n\t\t\t\t\t\t\t\t\t\t\t\t\t\t\t\t\t\t\t\t\t\t<span class=\"elementor-button-text\">Enviar missatge<\/span>\n\t\t\t\t\t\t\t\t\t\t\t\t\t<\/span>\n\t\t\t\t\t<\/button>\n\t\t\t\t<\/div>\n\t\t\t<\/div>\n\t\t<\/form>\n\t\t\t\t\t\t<\/div>\n\t\t\t\t<\/div>\n\t\t\t\t\t<\/div>\n\t\t<\/div>\n\t\t\t\t\t<\/div>\n\t\t<\/section>\n\t\t\t\t<\/div>\n\t\t","protected":false},"excerpt":{"rendered":"<p>Contacte PLIKUM \u00e9s a Ne\u00e0polis, un Parc d&#8217;Innovaci\u00f3 Tecnol\u00f2gica i Empresarial que serveix com a punt de trobada per a empreses, professionals i emprenedors per aconseguir una concentraci\u00f3 de talent. Tel\u00e8fon 93 159 63 25 Email info@plikum.com Direcci\u00f3 Edifici Ne\u00e0polis Rambla de l&#8217;Exposici\u00f3, 59-69 08800 Vilanova i la Geltr\u00fa Barcelona Formulari de contacte *Els camps [&hellip;]<\/p>\n","protected":false},"author":1,"featured_media":0,"parent":0,"menu_order":0,"comment_status":"closed","ping_status":"closed","template":"elementor_header_footer","meta":{"footnotes":""},"class_list":["post-8280","page","type-page","status-publish","hentry"],"yoast_head":"<!-- This site is optimized with the Yoast SEO plugin v27.4 - https:\/\/yoast.com\/product\/yoast-seo-wordpress\/ -->\n<title>Contactar amb Plikum<\/title>\n<meta name=\"description\" content=\"PLIKUM \u00e9s a Ne\u00e0polis, un Parc d&#039;Innovaci\u00f3 Tecnol\u00f2gica i Empresarial de Vilanova i la Geltru\" \/>\n<meta name=\"robots\" content=\"index, follow, max-snippet:-1, max-image-preview:large, max-video-preview:-1\" \/>\n<link rel=\"canonical\" href=\"https:\/\/www.plikum.com\/contactar\/\" \/>\n<meta property=\"og:locale\" content=\"ca_ES\" \/>\n<meta property=\"og:type\" content=\"article\" \/>\n<meta property=\"og:title\" content=\"Contactar amb Plikum\" \/>\n<meta property=\"og:description\" content=\"PLIKUM \u00e9s a Ne\u00e0polis, un Parc d&#039;Innovaci\u00f3 Tecnol\u00f2gica i Empresarial de Vilanova i la Geltru\" \/>\n<meta property=\"og:url\" content=\"https:\/\/www.plikum.com\/contactar\/\" \/>\n<meta property=\"og:site_name\" content=\"Plikum\" \/>\n<meta property=\"article:modified_time\" content=\"2025-12-16T06:15:49+00:00\" \/>\n<meta property=\"og:image\" content=\"https:\/\/www.plikum.com\/wp-content\/uploads\/2019\/02\/Rectangle-9.webp\" \/>\n\t<meta property=\"og:image:width\" content=\"300\" \/>\n\t<meta property=\"og:image:height\" content=\"181\" \/>\n\t<meta property=\"og:image:type\" content=\"image\/webp\" \/>\n<meta name=\"twitter:card\" content=\"summary_large_image\" \/>\n<script type=\"application\/ld+json\" class=\"yoast-schema-graph\">{\"@context\":\"https:\\\/\\\/schema.org\",\"@graph\":[{\"@type\":\"WebPage\",\"@id\":\"https:\\\/\\\/www.plikum.com\\\/contactar\\\/\",\"url\":\"https:\\\/\\\/www.plikum.com\\\/contactar\\\/\",\"name\":\"Contactar amb Plikum\",\"isPartOf\":{\"@id\":\"https:\\\/\\\/www.plikum.com\\\/#website\"},\"primaryImageOfPage\":{\"@id\":\"https:\\\/\\\/www.plikum.com\\\/contactar\\\/#primaryimage\"},\"image\":{\"@id\":\"https:\\\/\\\/www.plikum.com\\\/contactar\\\/#primaryimage\"},\"thumbnailUrl\":\"https:\\\/\\\/www.plikum.com\\\/wp-content\\\/uploads\\\/2019\\\/02\\\/Rectangle-9.webp\",\"datePublished\":\"2025-04-01T15:41:30+00:00\",\"dateModified\":\"2025-12-16T06:15:49+00:00\",\"description\":\"PLIKUM \u00e9s a Ne\u00e0polis, un Parc d'Innovaci\u00f3 Tecnol\u00f2gica i Empresarial de Vilanova i la Geltru\",\"breadcrumb\":{\"@id\":\"https:\\\/\\\/www.plikum.com\\\/contactar\\\/#breadcrumb\"},\"inLanguage\":\"ca\",\"potentialAction\":[{\"@type\":\"ReadAction\",\"target\":[\"https:\\\/\\\/www.plikum.com\\\/contactar\\\/\"]}]},{\"@type\":\"ImageObject\",\"inLanguage\":\"ca\",\"@id\":\"https:\\\/\\\/www.plikum.com\\\/contactar\\\/#primaryimage\",\"url\":\"https:\\\/\\\/www.plikum.com\\\/wp-content\\\/uploads\\\/2019\\\/02\\\/Rectangle-9.webp\",\"contentUrl\":\"https:\\\/\\\/www.plikum.com\\\/wp-content\\\/uploads\\\/2019\\\/02\\\/Rectangle-9.webp\"},{\"@type\":\"BreadcrumbList\",\"@id\":\"https:\\\/\\\/www.plikum.com\\\/contactar\\\/#breadcrumb\",\"itemListElement\":[{\"@type\":\"ListItem\",\"position\":1,\"name\":\"Home\",\"item\":\"https:\\\/\\\/www.plikum.com\\\/ca\\\/\"},{\"@type\":\"ListItem\",\"position\":2,\"name\":\"Contactar\"}]},{\"@type\":\"WebSite\",\"@id\":\"https:\\\/\\\/www.plikum.com\\\/#website\",\"url\":\"https:\\\/\\\/www.plikum.com\\\/\",\"name\":\"Plikum\",\"description\":\"Plikum Licitaciones\",\"potentialAction\":[{\"@type\":\"SearchAction\",\"target\":{\"@type\":\"EntryPoint\",\"urlTemplate\":\"https:\\\/\\\/www.plikum.com\\\/?s={search_term_string}\"},\"query-input\":{\"@type\":\"PropertyValueSpecification\",\"valueRequired\":true,\"valueName\":\"search_term_string\"}}],\"inLanguage\":\"ca\"}]}<\/script>\n<!-- \/ Yoast SEO plugin. -->","yoast_head_json":{"title":"Contactar amb Plikum","description":"PLIKUM \u00e9s a Ne\u00e0polis, un Parc d'Innovaci\u00f3 Tecnol\u00f2gica i Empresarial de Vilanova i la Geltru","robots":{"index":"index","follow":"follow","max-snippet":"max-snippet:-1","max-image-preview":"max-image-preview:large","max-video-preview":"max-video-preview:-1"},"canonical":"https:\/\/www.plikum.com\/contactar\/","og_locale":"ca_ES","og_type":"article","og_title":"Contactar amb Plikum","og_description":"PLIKUM \u00e9s a Ne\u00e0polis, un Parc d'Innovaci\u00f3 Tecnol\u00f2gica i Empresarial de Vilanova i la Geltru","og_url":"https:\/\/www.plikum.com\/contactar\/","og_site_name":"Plikum","article_modified_time":"2025-12-16T06:15:49+00:00","og_image":[{"width":300,"height":181,"url":"https:\/\/www.plikum.com\/wp-content\/uploads\/2019\/02\/Rectangle-9.webp","type":"image\/webp"}],"twitter_card":"summary_large_image","schema":{"@context":"https:\/\/schema.org","@graph":[{"@type":"WebPage","@id":"https:\/\/www.plikum.com\/contactar\/","url":"https:\/\/www.plikum.com\/contactar\/","name":"Contactar amb Plikum","isPartOf":{"@id":"https:\/\/www.plikum.com\/#website"},"primaryImageOfPage":{"@id":"https:\/\/www.plikum.com\/contactar\/#primaryimage"},"image":{"@id":"https:\/\/www.plikum.com\/contactar\/#primaryimage"},"thumbnailUrl":"https:\/\/www.plikum.com\/wp-content\/uploads\/2019\/02\/Rectangle-9.webp","datePublished":"2025-04-01T15:41:30+00:00","dateModified":"2025-12-16T06:15:49+00:00","description":"PLIKUM \u00e9s a Ne\u00e0polis, un Parc d'Innovaci\u00f3 Tecnol\u00f2gica i Empresarial de Vilanova i la Geltru","breadcrumb":{"@id":"https:\/\/www.plikum.com\/contactar\/#breadcrumb"},"inLanguage":"ca","potentialAction":[{"@type":"ReadAction","target":["https:\/\/www.plikum.com\/contactar\/"]}]},{"@type":"ImageObject","inLanguage":"ca","@id":"https:\/\/www.plikum.com\/contactar\/#primaryimage","url":"https:\/\/www.plikum.com\/wp-content\/uploads\/2019\/02\/Rectangle-9.webp","contentUrl":"https:\/\/www.plikum.com\/wp-content\/uploads\/2019\/02\/Rectangle-9.webp"},{"@type":"BreadcrumbList","@id":"https:\/\/www.plikum.com\/contactar\/#breadcrumb","itemListElement":[{"@type":"ListItem","position":1,"name":"Home","item":"https:\/\/www.plikum.com\/ca\/"},{"@type":"ListItem","position":2,"name":"Contactar"}]},{"@type":"WebSite","@id":"https:\/\/www.plikum.com\/#website","url":"https:\/\/www.plikum.com\/","name":"Plikum","description":"Plikum Licitaciones","potentialAction":[{"@type":"SearchAction","target":{"@type":"EntryPoint","urlTemplate":"https:\/\/www.plikum.com\/?s={search_term_string}"},"query-input":{"@type":"PropertyValueSpecification","valueRequired":true,"valueName":"search_term_string"}}],"inLanguage":"ca"}]}},"_links":{"self":[{"href":"https:\/\/www.plikum.com\/ca\/wp-json\/wp\/v2\/pages\/8280","targetHints":{"allow":["GET"]}}],"collection":[{"href":"https:\/\/www.plikum.com\/ca\/wp-json\/wp\/v2\/pages"}],"about":[{"href":"https:\/\/www.plikum.com\/ca\/wp-json\/wp\/v2\/types\/page"}],"author":[{"embeddable":true,"href":"https:\/\/www.plikum.com\/ca\/wp-json\/wp\/v2\/users\/1"}],"replies":[{"embeddable":true,"href":"https:\/\/www.plikum.com\/ca\/wp-json\/wp\/v2\/comments?post=8280"}],"version-history":[{"count":0,"href":"https:\/\/www.plikum.com\/ca\/wp-json\/wp\/v2\/pages\/8280\/revisions"}],"wp:attachment":[{"href":"https:\/\/www.plikum.com\/ca\/wp-json\/wp\/v2\/media?parent=8280"}],"curies":[{"name":"wp","href":"https:\/\/api.w.org\/{rel}","templated":true}]}}