{"id":8291,"date":"2025-04-01T17:41:38","date_gmt":"2025-04-01T15:41:38","guid":{"rendered":"https:\/\/www.plikum.com\/home\/"},"modified":"2025-04-01T18:01:00","modified_gmt":"2025-04-01T16:01:00","slug":"home","status":"publish","type":"page","link":"https:\/\/www.plikum.com\/ca\/","title":{"rendered":"Home"},"content":{"rendered":"\t\t<div data-elementor-type=\"wp-page\" data-elementor-id=\"8291\" class=\"elementor elementor-8291 elementor-5459\" data-elementor-post-type=\"page\">\n\t\t\t\t\t\t<section class=\"elementor-section elementor-top-section elementor-element elementor-element-e0a926e elementor-section-boxed elementor-section-height-default elementor-section-height-default\" data-id=\"e0a926e\" data-element_type=\"section\" data-e-type=\"section\">\n\t\t\t\t\t\t<div class=\"elementor-container elementor-column-gap-default\">\n\t\t\t\t\t<div class=\"elementor-column elementor-col-50 elementor-top-column elementor-element elementor-element-1642305\" data-id=\"1642305\" data-element_type=\"column\" data-e-type=\"column\">\n\t\t\t<div class=\"elementor-widget-wrap elementor-element-populated\">\n\t\t\t\t\t\t<div class=\"elementor-element elementor-element-1ee0abc elementor-widget elementor-widget-heading\" data-id=\"1ee0abc\" data-element_type=\"widget\" data-e-type=\"widget\" data-widget_type=\"heading.default\">\n\t\t\t\t<div class=\"elementor-widget-container\">\n\t\t\t\t\t<h1 class=\"elementor-heading-title elementor-size-default\">Som Plikum,<br> la teva empresa t\u00e8cnica<br> de refer\u00e8ncia<\/h1>\t\t\t\t<\/div>\n\t\t\t\t<\/div>\n\t\t\t\t\t<\/div>\n\t\t<\/div>\n\t\t\t\t<div class=\"elementor-column elementor-col-50 elementor-top-column elementor-element elementor-element-c12f9b6\" data-id=\"c12f9b6\" data-element_type=\"column\" data-e-type=\"column\">\n\t\t\t<div class=\"elementor-widget-wrap elementor-element-populated\">\n\t\t\t\t\t\t<div class=\"elementor-element elementor-element-5d1d7f4 elementor-widget-divider--view-line elementor-widget elementor-widget-divider\" data-id=\"5d1d7f4\" data-element_type=\"widget\" data-e-type=\"widget\" data-widget_type=\"divider.default\">\n\t\t\t\t<div class=\"elementor-widget-container\">\n\t\t\t\t\t\t\t<div class=\"elementor-divider\">\n\t\t\t<span class=\"elementor-divider-separator\">\n\t\t\t\t\t\t<\/span>\n\t\t<\/div>\n\t\t\t\t\t\t<\/div>\n\t\t\t\t<\/div>\n\t\t\t\t<div class=\"elementor-element elementor-element-b239f38 elementor-widget elementor-widget-heading\" data-id=\"b239f38\" data-element_type=\"widget\" data-e-type=\"widget\" data-widget_type=\"heading.default\">\n\t\t\t\t<div class=\"elementor-widget-container\">\n\t\t\t\t\t<h6 class=\"elementor-heading-title elementor-size-default\">Som especialistes en documentaci\u00f3<br> t\u00e8cnica de Licitacions, Projectes i<br> Direcci\u00f3 d'Obres, i Infografies i Renders<\/h6>\t\t\t\t<\/div>\n\t\t\t\t<\/div>\n\t\t\t\t\t<\/div>\n\t\t<\/div>\n\t\t\t\t\t<\/div>\n\t\t<\/section>\n\t\t\t\t<section class=\"elementor-section elementor-top-section elementor-element elementor-element-e05cb29 elementor-section-full_width elementor-section-height-min-height elementor-section-height-default elementor-section-items-middle\" data-id=\"e05cb29\" data-element_type=\"section\" data-e-type=\"section\" data-settings=\"{&quot;background_background&quot;:&quot;classic&quot;}\">\n\t\t\t\t\t\t<div class=\"elementor-container elementor-column-gap-default\">\n\t\t\t\t\t<div class=\"elementor-column elementor-col-100 elementor-top-column elementor-element elementor-element-49b35c3\" data-id=\"49b35c3\" data-element_type=\"column\" data-e-type=\"column\" data-settings=\"{&quot;background_background&quot;:&quot;classic&quot;}\">\n\t\t\t<div class=\"elementor-widget-wrap elementor-element-populated\">\n\t\t\t\t\t\t<section class=\"elementor-section elementor-inner-section elementor-element elementor-element-6ecc951 elementor-section-boxed elementor-section-height-default elementor-section-height-default\" data-id=\"6ecc951\" data-element_type=\"section\" data-e-type=\"section\">\n\t\t\t\t\t\t<div class=\"elementor-container elementor-column-gap-default\">\n\t\t\t\t\t<div class=\"elementor-column elementor-col-25 elementor-inner-column elementor-element elementor-element-5e93e1d hboxes\" data-id=\"5e93e1d\" data-element_type=\"column\" data-e-type=\"column\" data-settings=\"{&quot;background_background&quot;:&quot;classic&quot;}\">\n\t\t\t<div class=\"elementor-widget-wrap elementor-element-populated\">\n\t\t\t\t\t<div class=\"elementor-background-overlay\"><\/div>\n\t\t\t\t\t\t<div class=\"elementor-element elementor-element-02f6b1f elementor-widget__width-auto elementor-absolute elementor-widget elementor-widget-image\" data-id=\"02f6b1f\" data-element_type=\"widget\" data-e-type=\"widget\" data-settings=\"{&quot;_position&quot;:&quot;absolute&quot;}\" data-widget_type=\"image.default\">\n\t\t\t\t<div class=\"elementor-widget-container\">\n\t\t\t\t\t\t\t\t\t\t\t\t\t\t\t<img decoding=\"async\" width=\"21\" height=\"23\" src=\"https:\/\/www.plikum.com\/wp-content\/uploads\/2023\/07\/Arrow-1.png\" class=\"attachment-large size-large wp-image-5567\" alt=\"\" \/>\t\t\t\t\t\t\t\t\t\t\t\t\t\t\t<\/div>\n\t\t\t\t<\/div>\n\t\t\t\t<div class=\"elementor-element elementor-element-ab5950a elementor-widget elementor-widget-heading\" data-id=\"ab5950a\" data-element_type=\"widget\" data-e-type=\"widget\" data-widget_type=\"heading.default\">\n\t\t\t\t<div class=\"elementor-widget-container\">\n\t\t\t\t\t<h2 class=\"elementor-heading-title elementor-size-default\"><a href=\"https:\/\/www.plikum.com\/ca\/licitacions\/\">Licitacions<\/a><\/h2>\t\t\t\t<\/div>\n\t\t\t\t<\/div>\n\t\t\t\t<div class=\"elementor-element elementor-element-fdf6dee elementor-widget elementor-widget-heading\" data-id=\"fdf6dee\" data-element_type=\"widget\" data-e-type=\"widget\" data-widget_type=\"heading.default\">\n\t\t\t\t<div class=\"elementor-widget-container\">\n\t\t\t\t\t<h2 class=\"elementor-heading-title elementor-size-default\"><a href=\"https:\/\/www.plikum.com\/ca\/licitacions\/\">Consulteu les nostres<br> licitacions<\/a><\/h2>\t\t\t\t<\/div>\n\t\t\t\t<\/div>\n\t\t\t\t<div class=\"elementor-element elementor-element-45dbe85 elementor-widget elementor-widget-text-editor\" data-id=\"45dbe85\" data-element_type=\"widget\" data-e-type=\"widget\" data-widget_type=\"text-editor.default\">\n\t\t\t\t<div class=\"elementor-widget-container\">\n\t\t\t\t\t\t\t\t\t<p>Documentacions t\u00e8cniques molt elaborades i particularitzades per a concursos i licitacions d&#8217;edificaci\u00f3, rehabilitaci\u00f3, obra civil i instal\u00b7lacions.<\/p>\t\t\t\t\t\t\t\t<\/div>\n\t\t\t\t<\/div>\n\t\t\t\t\t<\/div>\n\t\t<\/div>\n\t\t\t\t<div class=\"elementor-column elementor-col-25 elementor-inner-column elementor-element elementor-element-4be3d09 hboxes\" data-id=\"4be3d09\" data-element_type=\"column\" data-e-type=\"column\" data-settings=\"{&quot;background_background&quot;:&quot;classic&quot;}\">\n\t\t\t<div class=\"elementor-widget-wrap elementor-element-populated\">\n\t\t\t\t\t\t<div class=\"elementor-element elementor-element-5bfe57c elementor-widget elementor-widget-heading\" data-id=\"5bfe57c\" data-element_type=\"widget\" data-e-type=\"widget\" data-widget_type=\"heading.default\">\n\t\t\t\t<div class=\"elementor-widget-container\">\n\t\t\t\t\t<h2 class=\"elementor-heading-title elementor-size-default\"><a href=\"https:\/\/www.plikum.com\/proyectos\/\">Projectes<\/a><\/h2>\t\t\t\t<\/div>\n\t\t\t\t<\/div>\n\t\t\t\t<div class=\"elementor-element elementor-element-ffa6242 elementor-widget__width-auto elementor-absolute elementor-widget elementor-widget-image\" data-id=\"ffa6242\" data-element_type=\"widget\" data-e-type=\"widget\" data-settings=\"{&quot;_position&quot;:&quot;absolute&quot;}\" data-widget_type=\"image.default\">\n\t\t\t\t<div class=\"elementor-widget-container\">\n\t\t\t\t\t\t\t\t\t\t\t\t\t\t\t<img decoding=\"async\" width=\"21\" height=\"23\" src=\"https:\/\/www.plikum.com\/wp-content\/uploads\/2023\/07\/Arrow-1.png\" class=\"attachment-large size-large wp-image-5567\" alt=\"\" \/>\t\t\t\t\t\t\t\t\t\t\t\t\t\t\t<\/div>\n\t\t\t\t<\/div>\n\t\t\t\t<div class=\"elementor-element elementor-element-1dfb540 elementor-widget elementor-widget-heading\" data-id=\"1dfb540\" data-element_type=\"widget\" data-e-type=\"widget\" data-widget_type=\"heading.default\">\n\t\t\t\t<div class=\"elementor-widget-container\">\n\t\t\t\t\t<h2 class=\"elementor-heading-title elementor-size-default\"><a href=\"https:\/\/www.plikum.com\/ca\/projectes\/\">Consulteu les nostres\n direccions d'obra\n i projectes<\/a><\/h2>\t\t\t\t<\/div>\n\t\t\t\t<\/div>\n\t\t\t\t<div class=\"elementor-element elementor-element-891b5fe elementor-widget elementor-widget-text-editor\" data-id=\"891b5fe\" data-element_type=\"widget\" data-e-type=\"widget\" data-widget_type=\"text-editor.default\">\n\t\t\t\t<div class=\"elementor-widget-container\">\n\t\t\t\t\t\t\t\t\t<p>Redaccions de projectes, direccions d&#8217;obra i\/o coordinacions de seguretat i salut amb els m\u00e0xims qualitatius.<\/p>\t\t\t\t\t\t\t\t<\/div>\n\t\t\t\t<\/div>\n\t\t\t\t\t<\/div>\n\t\t<\/div>\n\t\t\t\t<div class=\"elementor-column elementor-col-25 elementor-inner-column elementor-element elementor-element-95897e8 hboxes\" data-id=\"95897e8\" data-element_type=\"column\" data-e-type=\"column\" data-settings=\"{&quot;background_background&quot;:&quot;classic&quot;}\">\n\t\t\t<div class=\"elementor-widget-wrap elementor-element-populated\">\n\t\t\t\t\t\t<div class=\"elementor-element elementor-element-763be2e elementor-widget elementor-widget-heading\" data-id=\"763be2e\" data-element_type=\"widget\" data-e-type=\"widget\" data-widget_type=\"heading.default\">\n\t\t\t\t<div class=\"elementor-widget-container\">\n\t\t\t\t\t<h2 class=\"elementor-heading-title elementor-size-default\"><a href=\"https:\/\/www.plikum.com\/ca\/infografies\/\">Infografies i Renders<\/a><\/h2>\t\t\t\t<\/div>\n\t\t\t\t<\/div>\n\t\t\t\t<div class=\"elementor-element elementor-element-2b72f29 elementor-widget__width-auto elementor-absolute elementor-widget elementor-widget-image\" data-id=\"2b72f29\" data-element_type=\"widget\" data-e-type=\"widget\" data-settings=\"{&quot;_position&quot;:&quot;absolute&quot;}\" data-widget_type=\"image.default\">\n\t\t\t\t<div class=\"elementor-widget-container\">\n\t\t\t\t\t\t\t\t\t\t\t\t\t\t\t<img decoding=\"async\" width=\"21\" height=\"23\" src=\"https:\/\/www.plikum.com\/wp-content\/uploads\/2023\/07\/Arrow-1.png\" class=\"attachment-large size-large wp-image-5567\" alt=\"\" \/>\t\t\t\t\t\t\t\t\t\t\t\t\t\t\t<\/div>\n\t\t\t\t<\/div>\n\t\t\t\t<div class=\"elementor-element elementor-element-ddb1766 elementor-widget elementor-widget-heading\" data-id=\"ddb1766\" data-element_type=\"widget\" data-e-type=\"widget\" data-widget_type=\"heading.default\">\n\t\t\t\t<div class=\"elementor-widget-container\">\n\t\t\t\t\t<h2 class=\"elementor-heading-title elementor-size-default\"><a href=\"https:\/\/www.plikum.com\/ca\/infografies\/\">Consulta les nostres<br> infografies i renders<\/a><\/h2>\t\t\t\t<\/div>\n\t\t\t\t<\/div>\n\t\t\t\t<div class=\"elementor-element elementor-element-ae9b553 elementor-widget elementor-widget-text-editor\" data-id=\"ae9b553\" data-element_type=\"widget\" data-e-type=\"widget\" data-widget_type=\"text-editor.default\">\n\t\t\t\t<div class=\"elementor-widget-container\">\n\t\t\t\t\t\t\t\t\t<p>Fotomuntatges de tota mena i maquetes virtuals, a partir de les quals s&#8217;elaboren infografies i renders per facilitar la visualitzaci\u00f3 dels projectes.<\/p>\t\t\t\t\t\t\t\t<\/div>\n\t\t\t\t<\/div>\n\t\t\t\t\t<\/div>\n\t\t<\/div>\n\t\t\t\t<div class=\"elementor-column elementor-col-25 elementor-inner-column elementor-element elementor-element-5a82501 hboxes\" data-id=\"5a82501\" data-element_type=\"column\" data-e-type=\"column\" data-settings=\"{&quot;background_background&quot;:&quot;classic&quot;}\">\n\t\t\t<div class=\"elementor-widget-wrap elementor-element-populated\">\n\t\t\t\t\t\t<div class=\"elementor-element elementor-element-cc7cad7 elementor-widget elementor-widget-heading\" data-id=\"cc7cad7\" data-element_type=\"widget\" data-e-type=\"widget\" data-widget_type=\"heading.default\">\n\t\t\t\t<div class=\"elementor-widget-container\">\n\t\t\t\t\t<h2 class=\"elementor-heading-title elementor-size-default\"><a href=\"https:\/\/www.plikum.com\/ca\/assessorament\/\">Assessorament contractaci\u00f3 p\u00fablica<\/a><\/h2>\t\t\t\t<\/div>\n\t\t\t\t<\/div>\n\t\t\t\t<div class=\"elementor-element elementor-element-7dba31d elementor-widget__width-auto elementor-absolute elementor-widget elementor-widget-image\" data-id=\"7dba31d\" data-element_type=\"widget\" data-e-type=\"widget\" data-settings=\"{&quot;_position&quot;:&quot;absolute&quot;}\" data-widget_type=\"image.default\">\n\t\t\t\t<div class=\"elementor-widget-container\">\n\t\t\t\t\t\t\t\t\t\t\t\t\t\t\t<img decoding=\"async\" width=\"21\" height=\"23\" src=\"https:\/\/www.plikum.com\/wp-content\/uploads\/2023\/07\/Arrow-1.png\" class=\"attachment-large size-large wp-image-5567\" alt=\"\" \/>\t\t\t\t\t\t\t\t\t\t\t\t\t\t\t<\/div>\n\t\t\t\t<\/div>\n\t\t\t\t<div class=\"elementor-element elementor-element-7a3f859 elementor-widget elementor-widget-heading\" data-id=\"7a3f859\" data-element_type=\"widget\" data-e-type=\"widget\" data-widget_type=\"heading.default\">\n\t\t\t\t<div class=\"elementor-widget-container\">\n\t\t\t\t\t<h2 class=\"elementor-heading-title elementor-size-default\"><a href=\"https:\/\/www.plikum.com\/ca\/assessorament\/\">Consulta els nostres Assessoraments\n en contractaci\u00f3 p\u00fablica\n<\/a><\/h2>\t\t\t\t<\/div>\n\t\t\t\t<\/div>\n\t\t\t\t<div class=\"elementor-element elementor-element-2cc9a65 elementor-widget elementor-widget-text-editor\" data-id=\"2cc9a65\" data-element_type=\"widget\" data-e-type=\"widget\" data-widget_type=\"text-editor.default\">\n\t\t\t\t<div class=\"elementor-widget-container\">\n\t\t\t\t\t\t\t\t\t<p>Redacci\u00f3 de documentacions i assessorament integral en processos de contractaci\u00f3 p\u00fablica amb el major rigor t\u00e8cnic &#8211; jur\u00eddic<\/p>\t\t\t\t\t\t\t\t<\/div>\n\t\t\t\t<\/div>\n\t\t\t\t\t<\/div>\n\t\t<\/div>\n\t\t\t\t\t<\/div>\n\t\t<\/section>\n\t\t\t\t\t<\/div>\n\t\t<\/div>\n\t\t\t\t\t<\/div>\n\t\t<\/section>\n\t\t\t\t<\/div>\n\t\t","protected":false},"excerpt":{"rendered":"<p>Som Plikum, la teva empresa t\u00e8cnica de refer\u00e8ncia Som especialistes en documentaci\u00f3 t\u00e8cnica de Licitacions, Projectes i Direcci\u00f3 d&#8217;Obres, i Infografies i Renders Licitacions Consulteu les nostres licitacions Documentacions t\u00e8cniques molt elaborades i particularitzades per a concursos i licitacions d&#8217;edificaci\u00f3, rehabilitaci\u00f3, obra civil i instal\u00b7lacions. Projectes Consulteu les nostres direccions d&#8217;obra i projectes Redaccions de [&hellip;]<\/p>\n","protected":false},"author":1,"featured_media":0,"parent":0,"menu_order":0,"comment_status":"closed","ping_status":"closed","template":"elementor_header_footer","meta":{"footnotes":""},"class_list":["post-8291","page","type-page","status-publish","hentry"],"yoast_head":"<!-- This site is optimized with the Yoast SEO plugin v27.4 - https:\/\/yoast.com\/product\/yoast-seo-wordpress\/ -->\n<title>Plikum, la teva empresa t\u00e8cnica de refer\u00e8ncia<\/title>\n<meta name=\"description\" content=\"Som especialistes en documentaci\u00f3 t\u00e8cnica de licitacions, projectes i direcci\u00f3 d&#039;obres, infografies i renders\" \/>\n<meta name=\"robots\" content=\"index, follow, max-snippet:-1, max-image-preview:large, max-video-preview:-1\" \/>\n<link rel=\"canonical\" href=\"https:\/\/www.plikum.com\/ca\/\" \/>\n<meta property=\"og:locale\" content=\"ca_ES\" \/>\n<meta property=\"og:type\" content=\"article\" \/>\n<meta property=\"og:title\" content=\"Plikum, la teva empresa t\u00e8cnica de refer\u00e8ncia\" \/>\n<meta property=\"og:description\" content=\"Som especialistes en documentaci\u00f3 t\u00e8cnica de licitacions, projectes i direcci\u00f3 d&#039;obres, infografies i renders\" \/>\n<meta property=\"og:url\" content=\"https:\/\/www.plikum.com\/ca\/\" \/>\n<meta property=\"og:site_name\" content=\"Plikum\" \/>\n<meta property=\"article:modified_time\" content=\"2025-04-01T16:01:00+00:00\" \/>\n<meta property=\"og:image\" content=\"https:\/\/www.plikum.com\/wp-content\/uploads\/2023\/07\/Arrow-1.png\" \/>\n\t<meta property=\"og:image:width\" content=\"21\" \/>\n\t<meta property=\"og:image:height\" content=\"23\" \/>\n\t<meta property=\"og:image:type\" content=\"image\/png\" \/>\n<meta name=\"twitter:card\" content=\"summary_large_image\" \/>\n<meta name=\"twitter:label1\" content=\"Temps estimat de lectura\" \/>\n\t<meta name=\"twitter:data1\" content=\"2 minuts\" \/>\n<script type=\"application\/ld+json\" class=\"yoast-schema-graph\">{\"@context\":\"https:\\\/\\\/schema.org\",\"@graph\":[{\"@type\":\"WebPage\",\"@id\":\"https:\\\/\\\/www.plikum.com\\\/ca\\\/\",\"url\":\"https:\\\/\\\/www.plikum.com\\\/ca\\\/\",\"name\":\"Plikum, la teva empresa t\u00e8cnica de refer\u00e8ncia\",\"isPartOf\":{\"@id\":\"https:\\\/\\\/www.plikum.com\\\/#website\"},\"primaryImageOfPage\":{\"@id\":\"https:\\\/\\\/www.plikum.com\\\/ca\\\/#primaryimage\"},\"image\":{\"@id\":\"https:\\\/\\\/www.plikum.com\\\/ca\\\/#primaryimage\"},\"thumbnailUrl\":\"https:\\\/\\\/www.plikum.com\\\/wp-content\\\/uploads\\\/2023\\\/07\\\/Arrow-1.png\",\"datePublished\":\"2025-04-01T15:41:38+00:00\",\"dateModified\":\"2025-04-01T16:01:00+00:00\",\"description\":\"Som especialistes en documentaci\u00f3 t\u00e8cnica de licitacions, projectes i direcci\u00f3 d'obres, infografies i renders\",\"breadcrumb\":{\"@id\":\"https:\\\/\\\/www.plikum.com\\\/ca\\\/#breadcrumb\"},\"inLanguage\":\"ca\",\"potentialAction\":[{\"@type\":\"ReadAction\",\"target\":[\"https:\\\/\\\/www.plikum.com\\\/ca\\\/\"]}]},{\"@type\":\"ImageObject\",\"inLanguage\":\"ca\",\"@id\":\"https:\\\/\\\/www.plikum.com\\\/ca\\\/#primaryimage\",\"url\":\"https:\\\/\\\/www.plikum.com\\\/wp-content\\\/uploads\\\/2023\\\/07\\\/Arrow-1.png\",\"contentUrl\":\"https:\\\/\\\/www.plikum.com\\\/wp-content\\\/uploads\\\/2023\\\/07\\\/Arrow-1.png\"},{\"@type\":\"BreadcrumbList\",\"@id\":\"https:\\\/\\\/www.plikum.com\\\/ca\\\/#breadcrumb\",\"itemListElement\":[{\"@type\":\"ListItem\",\"position\":1,\"name\":\"Home\",\"item\":\"https:\\\/\\\/www.plikum.com\\\/ca\\\/\"},{\"@type\":\"ListItem\",\"position\":2,\"name\":\"Home\"}]},{\"@type\":\"WebSite\",\"@id\":\"https:\\\/\\\/www.plikum.com\\\/#website\",\"url\":\"https:\\\/\\\/www.plikum.com\\\/\",\"name\":\"Plikum\",\"description\":\"Plikum Licitaciones\",\"potentialAction\":[{\"@type\":\"SearchAction\",\"target\":{\"@type\":\"EntryPoint\",\"urlTemplate\":\"https:\\\/\\\/www.plikum.com\\\/?s={search_term_string}\"},\"query-input\":{\"@type\":\"PropertyValueSpecification\",\"valueRequired\":true,\"valueName\":\"search_term_string\"}}],\"inLanguage\":\"ca\"}]}<\/script>\n<!-- \/ Yoast SEO plugin. -->","yoast_head_json":{"title":"Plikum, la teva empresa t\u00e8cnica de refer\u00e8ncia","description":"Som especialistes en documentaci\u00f3 t\u00e8cnica de licitacions, projectes i direcci\u00f3 d'obres, infografies i renders","robots":{"index":"index","follow":"follow","max-snippet":"max-snippet:-1","max-image-preview":"max-image-preview:large","max-video-preview":"max-video-preview:-1"},"canonical":"https:\/\/www.plikum.com\/ca\/","og_locale":"ca_ES","og_type":"article","og_title":"Plikum, la teva empresa t\u00e8cnica de refer\u00e8ncia","og_description":"Som especialistes en documentaci\u00f3 t\u00e8cnica de licitacions, projectes i direcci\u00f3 d'obres, infografies i renders","og_url":"https:\/\/www.plikum.com\/ca\/","og_site_name":"Plikum","article_modified_time":"2025-04-01T16:01:00+00:00","og_image":[{"width":21,"height":23,"url":"https:\/\/www.plikum.com\/wp-content\/uploads\/2023\/07\/Arrow-1.png","type":"image\/png"}],"twitter_card":"summary_large_image","twitter_misc":{"Temps estimat de lectura":"2 minuts"},"schema":{"@context":"https:\/\/schema.org","@graph":[{"@type":"WebPage","@id":"https:\/\/www.plikum.com\/ca\/","url":"https:\/\/www.plikum.com\/ca\/","name":"Plikum, la teva empresa t\u00e8cnica de refer\u00e8ncia","isPartOf":{"@id":"https:\/\/www.plikum.com\/#website"},"primaryImageOfPage":{"@id":"https:\/\/www.plikum.com\/ca\/#primaryimage"},"image":{"@id":"https:\/\/www.plikum.com\/ca\/#primaryimage"},"thumbnailUrl":"https:\/\/www.plikum.com\/wp-content\/uploads\/2023\/07\/Arrow-1.png","datePublished":"2025-04-01T15:41:38+00:00","dateModified":"2025-04-01T16:01:00+00:00","description":"Som especialistes en documentaci\u00f3 t\u00e8cnica de licitacions, projectes i direcci\u00f3 d'obres, infografies i renders","breadcrumb":{"@id":"https:\/\/www.plikum.com\/ca\/#breadcrumb"},"inLanguage":"ca","potentialAction":[{"@type":"ReadAction","target":["https:\/\/www.plikum.com\/ca\/"]}]},{"@type":"ImageObject","inLanguage":"ca","@id":"https:\/\/www.plikum.com\/ca\/#primaryimage","url":"https:\/\/www.plikum.com\/wp-content\/uploads\/2023\/07\/Arrow-1.png","contentUrl":"https:\/\/www.plikum.com\/wp-content\/uploads\/2023\/07\/Arrow-1.png"},{"@type":"BreadcrumbList","@id":"https:\/\/www.plikum.com\/ca\/#breadcrumb","itemListElement":[{"@type":"ListItem","position":1,"name":"Home","item":"https:\/\/www.plikum.com\/ca\/"},{"@type":"ListItem","position":2,"name":"Home"}]},{"@type":"WebSite","@id":"https:\/\/www.plikum.com\/#website","url":"https:\/\/www.plikum.com\/","name":"Plikum","description":"Plikum Licitaciones","potentialAction":[{"@type":"SearchAction","target":{"@type":"EntryPoint","urlTemplate":"https:\/\/www.plikum.com\/?s={search_term_string}"},"query-input":{"@type":"PropertyValueSpecification","valueRequired":true,"valueName":"search_term_string"}}],"inLanguage":"ca"}]}},"_links":{"self":[{"href":"https:\/\/www.plikum.com\/ca\/wp-json\/wp\/v2\/pages\/8291","targetHints":{"allow":["GET"]}}],"collection":[{"href":"https:\/\/www.plikum.com\/ca\/wp-json\/wp\/v2\/pages"}],"about":[{"href":"https:\/\/www.plikum.com\/ca\/wp-json\/wp\/v2\/types\/page"}],"author":[{"embeddable":true,"href":"https:\/\/www.plikum.com\/ca\/wp-json\/wp\/v2\/users\/1"}],"replies":[{"embeddable":true,"href":"https:\/\/www.plikum.com\/ca\/wp-json\/wp\/v2\/comments?post=8291"}],"version-history":[{"count":0,"href":"https:\/\/www.plikum.com\/ca\/wp-json\/wp\/v2\/pages\/8291\/revisions"}],"wp:attachment":[{"href":"https:\/\/www.plikum.com\/ca\/wp-json\/wp\/v2\/media?parent=8291"}],"curies":[{"name":"wp","href":"https:\/\/api.w.org\/{rel}","templated":true}]}}