{"id":8293,"date":"2025-04-01T17:41:40","date_gmt":"2025-04-01T15:41:40","guid":{"rendered":"https:\/\/www.plikum.com\/empresa\/"},"modified":"2025-04-01T17:41:41","modified_gmt":"2025-04-01T15:41:41","slug":"empresa","status":"publish","type":"page","link":"https:\/\/www.plikum.com\/ca\/empresa\/","title":{"rendered":"Empresa"},"content":{"rendered":"\t\t<div data-elementor-type=\"wp-page\" data-elementor-id=\"8293\" class=\"elementor elementor-8293 elementor-5579\" data-elementor-post-type=\"page\">\n\t\t\t\t\t\t<section class=\"elementor-section elementor-top-section elementor-element elementor-element-e0a926e elementor-section-boxed elementor-section-height-default elementor-section-height-default\" data-id=\"e0a926e\" data-element_type=\"section\" data-e-type=\"section\">\n\t\t\t\t\t\t<div class=\"elementor-container elementor-column-gap-default\">\n\t\t\t\t\t<div class=\"elementor-column elementor-col-50 elementor-top-column elementor-element elementor-element-1642305\" data-id=\"1642305\" data-element_type=\"column\" data-e-type=\"column\">\n\t\t\t<div class=\"elementor-widget-wrap elementor-element-populated\">\n\t\t\t\t\t\t<div class=\"elementor-element elementor-element-1ee0abc elementor-widget elementor-widget-heading\" data-id=\"1ee0abc\" data-element_type=\"widget\" data-e-type=\"widget\" data-widget_type=\"heading.default\">\n\t\t\t\t<div class=\"elementor-widget-container\">\n\t\t\t\t\t<h4 class=\"elementor-heading-title elementor-size-default\">Empresa:<\/h4>\t\t\t\t<\/div>\n\t\t\t\t<\/div>\n\t\t\t\t<div class=\"elementor-element elementor-element-a10d979 elementor-widget elementor-widget-heading\" data-id=\"a10d979\" data-element_type=\"widget\" data-e-type=\"widget\" data-widget_type=\"heading.default\">\n\t\t\t\t<div class=\"elementor-widget-container\">\n\t\t\t\t\t<h4 class=\"elementor-heading-title elementor-size-default\">Qui som i<\/h4>\t\t\t\t<\/div>\n\t\t\t\t<\/div>\n\t\t\t\t<div class=\"elementor-element elementor-element-d416c70 elementor-widget elementor-widget-heading\" data-id=\"d416c70\" data-element_type=\"widget\" data-e-type=\"widget\" data-widget_type=\"heading.default\">\n\t\t\t\t<div class=\"elementor-widget-container\">\n\t\t\t\t\t<h4 class=\"elementor-heading-title elementor-size-default\">els nostres valors<\/h4>\t\t\t\t<\/div>\n\t\t\t\t<\/div>\n\t\t\t\t\t<\/div>\n\t\t<\/div>\n\t\t\t\t<div class=\"elementor-column elementor-col-50 elementor-top-column elementor-element elementor-element-c12f9b6\" data-id=\"c12f9b6\" data-element_type=\"column\" data-e-type=\"column\">\n\t\t\t<div class=\"elementor-widget-wrap elementor-element-populated\">\n\t\t\t\t\t\t<div class=\"elementor-element elementor-element-b239f38 elementor-widget elementor-widget-heading\" data-id=\"b239f38\" data-element_type=\"widget\" data-e-type=\"widget\" data-widget_type=\"heading.default\">\n\t\t\t\t<div class=\"elementor-widget-container\">\n\t\t\t\t\t<h6 class=\"elementor-heading-title elementor-size-default\">PLIKUM presta serveis per a qualsevol camp de l'enginyeria i de la construcci\u00f3, tant en mat\u00e8ria de licitacions i infografies com en adreces d'obra i elaboraci\u00f3 de projectes.<\/h6>\t\t\t\t<\/div>\n\t\t\t\t<\/div>\n\t\t\t\t<div class=\"elementor-element elementor-element-9e6deda elementor-widget__width-auto btnblack elementor-widget elementor-widget-button\" data-id=\"9e6deda\" data-element_type=\"widget\" data-e-type=\"widget\" data-widget_type=\"button.default\">\n\t\t\t\t<div class=\"elementor-widget-container\">\n\t\t\t\t\t\t\t\t\t<div class=\"elementor-button-wrapper\">\n\t\t\t\t\t<a class=\"elementor-button elementor-button-link elementor-size-xs\" href=\"https:\/\/www.plikum.com\/contactar\/\">\n\t\t\t\t\t\t<span class=\"elementor-button-content-wrapper\">\n\t\t\t\t\t\t<span class=\"elementor-button-icon\">\n\t\t\t\t<svg xmlns=\"http:\/\/www.w3.org\/2000\/svg\" width=\"24\" height=\"24\" viewBox=\"0 0 24 24\" fill=\"none\"><path d=\"M11.8125 5.21875L11.1875 5.8125C11.0312 5.96875 11.0312 6.21875 11.1875 6.34375L16.0312 11.1875H5.375C5.15625 11.1875 5 11.375 5 11.5625V12.4375C5 12.6562 5.15625 12.8125 5.375 12.8125H16.0312L11.1875 17.6875C11.0312 17.8125 11.0312 18.0625 11.1875 18.2188L11.8125 18.8125C11.9375 18.9688 12.1875 18.9688 12.3438 18.8125L18.875 12.2812C19.0312 12.125 19.0312 11.9062 18.875 11.75L12.3438 5.21875C12.1875 5.0625 11.9375 5.0625 11.8125 5.21875Z\" fill=\"#333333\"><\/path><\/svg>\t\t\t<\/span>\n\t\t\t\t\t\t\t\t\t<span class=\"elementor-button-text\">Contacta'ns<\/span>\n\t\t\t\t\t<\/span>\n\t\t\t\t\t<\/a>\n\t\t\t\t<\/div>\n\t\t\t\t\t\t\t\t<\/div>\n\t\t\t\t<\/div>\n\t\t\t\t\t<\/div>\n\t\t<\/div>\n\t\t\t\t\t<\/div>\n\t\t<\/section>\n\t\t\t\t<section class=\"elementor-section elementor-top-section elementor-element elementor-element-9358897 elementor-section-boxed elementor-section-height-default elementor-section-height-default\" data-id=\"9358897\" data-element_type=\"section\" data-e-type=\"section\" data-settings=\"{&quot;background_background&quot;:&quot;classic&quot;}\">\n\t\t\t\t\t\t<div class=\"elementor-container elementor-column-gap-default\">\n\t\t\t\t\t<div class=\"elementor-column elementor-col-25 elementor-top-column elementor-element elementor-element-1719ebe\" data-id=\"1719ebe\" data-element_type=\"column\" data-e-type=\"column\">\n\t\t\t<div class=\"elementor-widget-wrap elementor-element-populated\">\n\t\t\t\t\t\t<div class=\"elementor-element elementor-element-22bdf22 elementor-widget elementor-widget-heading\" data-id=\"22bdf22\" data-element_type=\"widget\" data-e-type=\"widget\" data-widget_type=\"heading.default\">\n\t\t\t\t<div class=\"elementor-widget-container\">\n\t\t\t\t\t<h2 class=\"elementor-heading-title elementor-size-default\">Responsabilitat<\/h2>\t\t\t\t<\/div>\n\t\t\t\t<\/div>\n\t\t\t\t<div class=\"elementor-element elementor-element-9ff9e9a elementor-widget__width-inherit elementor-widget-divider--view-line elementor-widget elementor-widget-divider\" data-id=\"9ff9e9a\" data-element_type=\"widget\" data-e-type=\"widget\" data-widget_type=\"divider.default\">\n\t\t\t\t<div class=\"elementor-widget-container\">\n\t\t\t\t\t\t\t<div class=\"elementor-divider\">\n\t\t\t<span class=\"elementor-divider-separator\">\n\t\t\t\t\t\t<\/span>\n\t\t<\/div>\n\t\t\t\t\t\t<\/div>\n\t\t\t\t<\/div>\n\t\t\t\t<div class=\"elementor-element elementor-element-cfe5c6d elementor-widget__width-initial elementor-widget elementor-widget-text-editor\" data-id=\"cfe5c6d\" data-element_type=\"widget\" data-e-type=\"widget\" data-widget_type=\"text-editor.default\">\n\t\t\t\t<div class=\"elementor-widget-container\">\n\t\t\t\t\t\t\t\t\tComplim amb els acords entre PLIKUM i els nostres clients, essent la nostra prioritat tenir cura de les decisions a prendre i dur-les a terme.\t\t\t\t\t\t\t\t<\/div>\n\t\t\t\t<\/div>\n\t\t\t\t\t<\/div>\n\t\t<\/div>\n\t\t\t\t<div class=\"elementor-column elementor-col-25 elementor-top-column elementor-element elementor-element-419a936\" data-id=\"419a936\" data-element_type=\"column\" data-e-type=\"column\">\n\t\t\t<div class=\"elementor-widget-wrap elementor-element-populated\">\n\t\t\t\t\t\t<div class=\"elementor-element elementor-element-43a0755 elementor-widget elementor-widget-heading\" data-id=\"43a0755\" data-element_type=\"widget\" data-e-type=\"widget\" data-widget_type=\"heading.default\">\n\t\t\t\t<div class=\"elementor-widget-container\">\n\t\t\t\t\t<h2 class=\"elementor-heading-title elementor-size-default\">Experi\u00e8ncia<\/h2>\t\t\t\t<\/div>\n\t\t\t\t<\/div>\n\t\t\t\t<div class=\"elementor-element elementor-element-076dbe0 elementor-widget__width-inherit elementor-widget-divider--view-line elementor-widget elementor-widget-divider\" data-id=\"076dbe0\" data-element_type=\"widget\" data-e-type=\"widget\" data-widget_type=\"divider.default\">\n\t\t\t\t<div class=\"elementor-widget-container\">\n\t\t\t\t\t\t\t<div class=\"elementor-divider\">\n\t\t\t<span class=\"elementor-divider-separator\">\n\t\t\t\t\t\t<\/span>\n\t\t<\/div>\n\t\t\t\t\t\t<\/div>\n\t\t\t\t<\/div>\n\t\t\t\t<div class=\"elementor-element elementor-element-2cfbb4d elementor-widget__width-initial elementor-widget elementor-widget-text-editor\" data-id=\"2cfbb4d\" data-element_type=\"widget\" data-e-type=\"widget\" data-widget_type=\"text-editor.default\">\n\t\t\t\t<div class=\"elementor-widget-container\">\n\t\t\t\t\t\t\t\t\tL&#8217;elevada experi\u00e8ncia acumulada al llarg dels anys pel personal de PLIKUM permeten rendibilitzar al m\u00e0xim els nostres recursos, obtenint una relaci\u00f3 qualitat-preu excel\u00b7lent.\t\t\t\t\t\t\t\t<\/div>\n\t\t\t\t<\/div>\n\t\t\t\t\t<\/div>\n\t\t<\/div>\n\t\t\t\t<div class=\"elementor-column elementor-col-25 elementor-top-column elementor-element elementor-element-7509b94\" data-id=\"7509b94\" data-element_type=\"column\" data-e-type=\"column\">\n\t\t\t<div class=\"elementor-widget-wrap elementor-element-populated\">\n\t\t\t\t\t\t<div class=\"elementor-element elementor-element-fbc8148 elementor-widget elementor-widget-heading\" data-id=\"fbc8148\" data-element_type=\"widget\" data-e-type=\"widget\" data-widget_type=\"heading.default\">\n\t\t\t\t<div class=\"elementor-widget-container\">\n\t\t\t\t\t<h2 class=\"elementor-heading-title elementor-size-default\">Implicaci\u00f3<\/h2>\t\t\t\t<\/div>\n\t\t\t\t<\/div>\n\t\t\t\t<div class=\"elementor-element elementor-element-e7b1ded elementor-widget-divider--view-line elementor-widget elementor-widget-divider\" data-id=\"e7b1ded\" data-element_type=\"widget\" data-e-type=\"widget\" data-widget_type=\"divider.default\">\n\t\t\t\t<div class=\"elementor-widget-container\">\n\t\t\t\t\t\t\t<div class=\"elementor-divider\">\n\t\t\t<span class=\"elementor-divider-separator\">\n\t\t\t\t\t\t<\/span>\n\t\t<\/div>\n\t\t\t\t\t\t<\/div>\n\t\t\t\t<\/div>\n\t\t\t\t<div class=\"elementor-element elementor-element-3f025c4 elementor-widget__width-initial elementor-widget elementor-widget-text-editor\" data-id=\"3f025c4\" data-element_type=\"widget\" data-e-type=\"widget\" data-widget_type=\"text-editor.default\">\n\t\t\t\t<div class=\"elementor-widget-container\">\n\t\t\t\t\t\t\t\t\tDes de PLIKUM creiem en la implicaci\u00f3 entre la nostra empresa i el client durant totes les fases en qu\u00e8 desenvolupa qualsevol projecte. Es tracta que els clients ens vegin com el complement ideal per assolir els seus objectius. \t\t\t\t\t\t\t\t<\/div>\n\t\t\t\t<\/div>\n\t\t\t\t\t<\/div>\n\t\t<\/div>\n\t\t\t\t<div class=\"elementor-column elementor-col-25 elementor-top-column elementor-element elementor-element-331b6e0\" data-id=\"331b6e0\" data-element_type=\"column\" data-e-type=\"column\">\n\t\t\t<div class=\"elementor-widget-wrap elementor-element-populated\">\n\t\t\t\t\t\t<div class=\"elementor-element elementor-element-0e9a8b2 elementor-widget elementor-widget-heading\" data-id=\"0e9a8b2\" data-element_type=\"widget\" data-e-type=\"widget\" data-widget_type=\"heading.default\">\n\t\t\t\t<div class=\"elementor-widget-container\">\n\t\t\t\t\t<h2 class=\"elementor-heading-title elementor-size-default\">Especialitzaci\u00f3<\/h2>\t\t\t\t<\/div>\n\t\t\t\t<\/div>\n\t\t\t\t<div class=\"elementor-element elementor-element-c55367f elementor-widget-divider--view-line elementor-widget elementor-widget-divider\" data-id=\"c55367f\" data-element_type=\"widget\" data-e-type=\"widget\" data-widget_type=\"divider.default\">\n\t\t\t\t<div class=\"elementor-widget-container\">\n\t\t\t\t\t\t\t<div class=\"elementor-divider\">\n\t\t\t<span class=\"elementor-divider-separator\">\n\t\t\t\t\t\t<\/span>\n\t\t<\/div>\n\t\t\t\t\t\t<\/div>\n\t\t\t\t<\/div>\n\t\t\t\t<div class=\"elementor-element elementor-element-7cc0fd6 elementor-widget__width-initial elementor-widget elementor-widget-text-editor\" data-id=\"7cc0fd6\" data-element_type=\"widget\" data-e-type=\"widget\" data-widget_type=\"text-editor.default\">\n\t\t\t\t<div class=\"elementor-widget-container\">\n\t\t\t\t\t\t\t\t\tCada projecte i\/o treball \u00e9s \u00fanic, exclusiu i irrepetible. Aquesta \u00e9s la premissa de la nostra empresa, basada en la m\u00e0xima creativitat i en la personalitzaci\u00f3 de cada feina. \t\t\t\t\t\t\t\t<\/div>\n\t\t\t\t<\/div>\n\t\t\t\t\t<\/div>\n\t\t<\/div>\n\t\t\t\t\t<\/div>\n\t\t<\/section>\n\t\t\t\t<section class=\"elementor-section elementor-top-section elementor-element elementor-element-6bc2417 elementor-section-boxed elementor-section-height-default elementor-section-height-default\" data-id=\"6bc2417\" data-element_type=\"section\" data-e-type=\"section\" data-settings=\"{&quot;background_background&quot;:&quot;classic&quot;}\">\n\t\t\t\t\t\t<div class=\"elementor-container elementor-column-gap-default\">\n\t\t\t\t\t<div class=\"elementor-column elementor-col-100 elementor-top-column elementor-element elementor-element-c455c09\" data-id=\"c455c09\" data-element_type=\"column\" data-e-type=\"column\">\n\t\t\t<div class=\"elementor-widget-wrap elementor-element-populated\">\n\t\t\t\t\t\t<div class=\"elementor-element elementor-element-57246eb elementor-widget__width-auto elementor-widget elementor-widget-image\" data-id=\"57246eb\" data-element_type=\"widget\" data-e-type=\"widget\" data-widget_type=\"image.default\">\n\t\t\t\t<div class=\"elementor-widget-container\">\n\t\t\t\t\t\t\t\t\t\t\t\t\t\t\t<img decoding=\"async\" width=\"117\" height=\"61\" src=\"https:\/\/www.plikum.com\/wp-content\/uploads\/2019\/02\/image-10.webp\" class=\"attachment-large size-large wp-image-5476\" alt=\"\" \/>\t\t\t\t\t\t\t\t\t\t\t\t\t\t\t<\/div>\n\t\t\t\t<\/div>\n\t\t\t\t<div class=\"elementor-element elementor-element-c56f98e elementor-widget__width-auto elementor-widget elementor-widget-image\" data-id=\"c56f98e\" data-element_type=\"widget\" data-e-type=\"widget\" data-widget_type=\"image.default\">\n\t\t\t\t<div class=\"elementor-widget-container\">\n\t\t\t\t\t\t\t\t\t\t\t\t\t\t\t<img decoding=\"async\" width=\"167\" height=\"36\" src=\"https:\/\/www.plikum.com\/wp-content\/uploads\/2019\/02\/image-11.webp\" class=\"attachment-large size-large wp-image-5472\" alt=\"\" \/>\t\t\t\t\t\t\t\t\t\t\t\t\t\t\t<\/div>\n\t\t\t\t<\/div>\n\t\t\t\t\t<\/div>\n\t\t<\/div>\n\t\t\t\t\t<\/div>\n\t\t<\/section>\n\t\t\t\t<\/div>\n\t\t","protected":false},"excerpt":{"rendered":"<p>Empresa: Qui som i els nostres valors PLIKUM presta serveis per a qualsevol camp de l&#8217;enginyeria i de la construcci\u00f3, tant en mat\u00e8ria de licitacions i infografies com en adreces d&#8217;obra i elaboraci\u00f3 de projectes. Contacta&#8217;ns Responsabilitat Complim amb els acords entre PLIKUM i els nostres clients, essent la nostra prioritat tenir cura de les [&hellip;]<\/p>\n","protected":false},"author":1,"featured_media":0,"parent":0,"menu_order":0,"comment_status":"closed","ping_status":"closed","template":"elementor_header_footer","meta":{"footnotes":""},"class_list":["post-8293","page","type-page","status-publish","hentry"],"yoast_head":"<!-- This site is optimized with the Yoast SEO plugin v27.4 - https:\/\/yoast.com\/product\/yoast-seo-wordpress\/ -->\n<title>Plicum. Qui som i els nostres valors<\/title>\n<meta name=\"description\" content=\"Serveis per a qualsevol camp de l&#039;enginyeria i de la construcci\u00f3, tant en mat\u00e8ria de licitacions i infografies com en adreces d&#039;obra\" \/>\n<meta name=\"robots\" content=\"index, follow, max-snippet:-1, max-image-preview:large, max-video-preview:-1\" \/>\n<link rel=\"canonical\" href=\"https:\/\/www.plikum.com\/ca\/empresa\/\" \/>\n<meta property=\"og:locale\" content=\"ca_ES\" \/>\n<meta property=\"og:type\" content=\"article\" \/>\n<meta property=\"og:title\" content=\"Plicum. Qui som i els nostres valors\" \/>\n<meta property=\"og:description\" content=\"Serveis per a qualsevol camp de l&#039;enginyeria i de la construcci\u00f3, tant en mat\u00e8ria de licitacions i infografies com en adreces d&#039;obra\" \/>\n<meta property=\"og:url\" content=\"https:\/\/www.plikum.com\/ca\/empresa\/\" \/>\n<meta property=\"og:site_name\" content=\"Plikum\" \/>\n<meta property=\"article:modified_time\" content=\"2025-04-01T15:41:41+00:00\" \/>\n<meta property=\"og:image\" content=\"https:\/\/www.plikum.com\/wp-content\/uploads\/2019\/02\/image-10.webp\" \/>\n\t<meta property=\"og:image:width\" content=\"117\" \/>\n\t<meta property=\"og:image:height\" content=\"61\" \/>\n\t<meta property=\"og:image:type\" content=\"image\/webp\" \/>\n<meta name=\"twitter:card\" content=\"summary_large_image\" \/>\n<meta name=\"twitter:label1\" content=\"Temps estimat de lectura\" \/>\n\t<meta name=\"twitter:data1\" content=\"1 minut\" \/>\n<script type=\"application\/ld+json\" class=\"yoast-schema-graph\">{\"@context\":\"https:\\\/\\\/schema.org\",\"@graph\":[{\"@type\":\"WebPage\",\"@id\":\"https:\\\/\\\/www.plikum.com\\\/ca\\\/empresa\\\/\",\"url\":\"https:\\\/\\\/www.plikum.com\\\/ca\\\/empresa\\\/\",\"name\":\"Plicum. Qui som i els nostres valors\",\"isPartOf\":{\"@id\":\"https:\\\/\\\/www.plikum.com\\\/#website\"},\"primaryImageOfPage\":{\"@id\":\"https:\\\/\\\/www.plikum.com\\\/ca\\\/empresa\\\/#primaryimage\"},\"image\":{\"@id\":\"https:\\\/\\\/www.plikum.com\\\/ca\\\/empresa\\\/#primaryimage\"},\"thumbnailUrl\":\"https:\\\/\\\/www.plikum.com\\\/wp-content\\\/uploads\\\/2019\\\/02\\\/image-10.webp\",\"datePublished\":\"2025-04-01T15:41:40+00:00\",\"dateModified\":\"2025-04-01T15:41:41+00:00\",\"description\":\"Serveis per a qualsevol camp de l'enginyeria i de la construcci\u00f3, tant en mat\u00e8ria de licitacions i infografies com en adreces d'obra\",\"breadcrumb\":{\"@id\":\"https:\\\/\\\/www.plikum.com\\\/ca\\\/empresa\\\/#breadcrumb\"},\"inLanguage\":\"ca\",\"potentialAction\":[{\"@type\":\"ReadAction\",\"target\":[\"https:\\\/\\\/www.plikum.com\\\/ca\\\/empresa\\\/\"]}]},{\"@type\":\"ImageObject\",\"inLanguage\":\"ca\",\"@id\":\"https:\\\/\\\/www.plikum.com\\\/ca\\\/empresa\\\/#primaryimage\",\"url\":\"https:\\\/\\\/www.plikum.com\\\/wp-content\\\/uploads\\\/2019\\\/02\\\/image-10.webp\",\"contentUrl\":\"https:\\\/\\\/www.plikum.com\\\/wp-content\\\/uploads\\\/2019\\\/02\\\/image-10.webp\"},{\"@type\":\"BreadcrumbList\",\"@id\":\"https:\\\/\\\/www.plikum.com\\\/ca\\\/empresa\\\/#breadcrumb\",\"itemListElement\":[{\"@type\":\"ListItem\",\"position\":1,\"name\":\"Home\",\"item\":\"https:\\\/\\\/www.plikum.com\\\/ca\\\/\"},{\"@type\":\"ListItem\",\"position\":2,\"name\":\"Empresa\"}]},{\"@type\":\"WebSite\",\"@id\":\"https:\\\/\\\/www.plikum.com\\\/#website\",\"url\":\"https:\\\/\\\/www.plikum.com\\\/\",\"name\":\"Plikum\",\"description\":\"Plikum Licitaciones\",\"potentialAction\":[{\"@type\":\"SearchAction\",\"target\":{\"@type\":\"EntryPoint\",\"urlTemplate\":\"https:\\\/\\\/www.plikum.com\\\/?s={search_term_string}\"},\"query-input\":{\"@type\":\"PropertyValueSpecification\",\"valueRequired\":true,\"valueName\":\"search_term_string\"}}],\"inLanguage\":\"ca\"}]}<\/script>\n<!-- \/ Yoast SEO plugin. -->","yoast_head_json":{"title":"Plicum. Qui som i els nostres valors","description":"Serveis per a qualsevol camp de l'enginyeria i de la construcci\u00f3, tant en mat\u00e8ria de licitacions i infografies com en adreces d'obra","robots":{"index":"index","follow":"follow","max-snippet":"max-snippet:-1","max-image-preview":"max-image-preview:large","max-video-preview":"max-video-preview:-1"},"canonical":"https:\/\/www.plikum.com\/ca\/empresa\/","og_locale":"ca_ES","og_type":"article","og_title":"Plicum. Qui som i els nostres valors","og_description":"Serveis per a qualsevol camp de l'enginyeria i de la construcci\u00f3, tant en mat\u00e8ria de licitacions i infografies com en adreces d'obra","og_url":"https:\/\/www.plikum.com\/ca\/empresa\/","og_site_name":"Plikum","article_modified_time":"2025-04-01T15:41:41+00:00","og_image":[{"width":117,"height":61,"url":"https:\/\/www.plikum.com\/wp-content\/uploads\/2019\/02\/image-10.webp","type":"image\/webp"}],"twitter_card":"summary_large_image","twitter_misc":{"Temps estimat de lectura":"1 minut"},"schema":{"@context":"https:\/\/schema.org","@graph":[{"@type":"WebPage","@id":"https:\/\/www.plikum.com\/ca\/empresa\/","url":"https:\/\/www.plikum.com\/ca\/empresa\/","name":"Plicum. Qui som i els nostres valors","isPartOf":{"@id":"https:\/\/www.plikum.com\/#website"},"primaryImageOfPage":{"@id":"https:\/\/www.plikum.com\/ca\/empresa\/#primaryimage"},"image":{"@id":"https:\/\/www.plikum.com\/ca\/empresa\/#primaryimage"},"thumbnailUrl":"https:\/\/www.plikum.com\/wp-content\/uploads\/2019\/02\/image-10.webp","datePublished":"2025-04-01T15:41:40+00:00","dateModified":"2025-04-01T15:41:41+00:00","description":"Serveis per a qualsevol camp de l'enginyeria i de la construcci\u00f3, tant en mat\u00e8ria de licitacions i infografies com en adreces d'obra","breadcrumb":{"@id":"https:\/\/www.plikum.com\/ca\/empresa\/#breadcrumb"},"inLanguage":"ca","potentialAction":[{"@type":"ReadAction","target":["https:\/\/www.plikum.com\/ca\/empresa\/"]}]},{"@type":"ImageObject","inLanguage":"ca","@id":"https:\/\/www.plikum.com\/ca\/empresa\/#primaryimage","url":"https:\/\/www.plikum.com\/wp-content\/uploads\/2019\/02\/image-10.webp","contentUrl":"https:\/\/www.plikum.com\/wp-content\/uploads\/2019\/02\/image-10.webp"},{"@type":"BreadcrumbList","@id":"https:\/\/www.plikum.com\/ca\/empresa\/#breadcrumb","itemListElement":[{"@type":"ListItem","position":1,"name":"Home","item":"https:\/\/www.plikum.com\/ca\/"},{"@type":"ListItem","position":2,"name":"Empresa"}]},{"@type":"WebSite","@id":"https:\/\/www.plikum.com\/#website","url":"https:\/\/www.plikum.com\/","name":"Plikum","description":"Plikum Licitaciones","potentialAction":[{"@type":"SearchAction","target":{"@type":"EntryPoint","urlTemplate":"https:\/\/www.plikum.com\/?s={search_term_string}"},"query-input":{"@type":"PropertyValueSpecification","valueRequired":true,"valueName":"search_term_string"}}],"inLanguage":"ca"}]}},"_links":{"self":[{"href":"https:\/\/www.plikum.com\/ca\/wp-json\/wp\/v2\/pages\/8293","targetHints":{"allow":["GET"]}}],"collection":[{"href":"https:\/\/www.plikum.com\/ca\/wp-json\/wp\/v2\/pages"}],"about":[{"href":"https:\/\/www.plikum.com\/ca\/wp-json\/wp\/v2\/types\/page"}],"author":[{"embeddable":true,"href":"https:\/\/www.plikum.com\/ca\/wp-json\/wp\/v2\/users\/1"}],"replies":[{"embeddable":true,"href":"https:\/\/www.plikum.com\/ca\/wp-json\/wp\/v2\/comments?post=8293"}],"version-history":[{"count":0,"href":"https:\/\/www.plikum.com\/ca\/wp-json\/wp\/v2\/pages\/8293\/revisions"}],"wp:attachment":[{"href":"https:\/\/www.plikum.com\/ca\/wp-json\/wp\/v2\/media?parent=8293"}],"curies":[{"name":"wp","href":"https:\/\/api.w.org\/{rel}","templated":true}]}}